{"id":9171,"date":"2024-05-22T09:17:29","date_gmt":"2024-05-22T13:17:29","guid":{"rendered":"https:\/\/complexeequestre.com\/?page_id=9171"},"modified":"2025-10-20T13:46:21","modified_gmt":"2025-10-20T17:46:21","slug":"commanditaires-3","status":"publish","type":"page","link":"https:\/\/complexeequestre.com\/en_ca\/commanditaires-3\/","title":{"rendered":"Sponsors"},"content":{"rendered":"<div data-elementor-type=\"wp-page\" data-elementor-id=\"9171\" class=\"elementor elementor-9171\" data-elementor-settings=\"[]\">\n\t\t\t\t\t\t<div class=\"elementor-inner\">\n\t\t\t\t\t\t\t<div class=\"elementor-section-wrap\">\n\t\t\t\t\t\t\t<section class=\"elementor-section elementor-top-section elementor-element elementor-element-5cf47051 elementor-section-boxed elementor-section-height-default elementor-section-height-default\" data-id=\"5cf47051\" data-element_type=\"section\">\n\t\t\t\t\t\t<div class=\"elementor-container elementor-column-gap-default\">\n\t\t\t\t\t\t\t<div class=\"elementor-row\">\n\t\t\t\t\t<div class=\"elementor-column elementor-col-100 elementor-top-column elementor-element elementor-element-5a08e341\" data-id=\"5a08e341\" data-element_type=\"column\">\n\t\t\t<div class=\"elementor-column-wrap elementor-element-populated\">\n\t\t\t\t\t\t\t<div class=\"elementor-widget-wrap\">\n\t\t\t\t\t\t<div class=\"elementor-element elementor-element-3aab9417 elementor-widget elementor-widget-text-editor\" data-id=\"3aab9417\" data-element_type=\"widget\" data-widget_type=\"text-editor.default\">\n\t\t\t\t<div class=\"elementor-widget-container\">\n\t\t\t\t\t\t\t\t<div class=\"elementor-text-editor elementor-clearfix\">\n\t\t\t\t\t<p><!-- wp:media-text --><\/p>\n<div class=\"wp-block-media-text alignwide is-stacked-on-mobile\">\n<figure class=\"wp-block-media-text__media\"><\/figure>\n<div class=\"wp-block-media-text__content\">\n<p><!-- wp:paragraph {\"placeholder\":\"Contenu\u2026\",\"fontSize\":\"large\"} --><\/p>\n<p><!-- \/wp:paragraph --><\/p>\n<\/div>\n<\/div>\n<p><!-- \/wp:media-text --><\/p>\n<p><!-- wp:media-text --><\/p>\n<div class=\"wp-block-media-text alignwide is-stacked-on-mobile\">\n<figure class=\"wp-block-media-text__media\"><\/figure>\n<div class=\"wp-block-media-text__content\">\n<p><!-- wp:paragraph {\"placeholder\":\"Contenu\u2026\",\"fontSize\":\"large\"} --><\/p>\n<p><!-- \/wp:paragraph --><\/p>\n<\/div>\n<\/div>\n<p><!-- \/wp:media-text --><\/p>\n<p><!-- wp:jetpack\/tiled-gallery \/--><\/p>\n<p><!-- wp:gallery {\"ids\":[null,null],\"linkTo\":\"none\",\"align\":\"wide\"} --><\/p>\n<p><!-- \/wp:gallery --><\/p>\n<p><!-- wp:image --><\/p>\n<p><a href=\"https:\/\/soltek.ca\/\" rel=\"attachment wp-att-6501\"><img loading=\"lazy\" class=\"alignnone size-medium wp-image-6501\" src=\"https:\/\/complexeequestre.com\/wp-content\/uploads\/2021\/04\/SoltekLogoSmall-300x169.png\" alt=\"\" width=\"300\" height=\"169\" srcset=\"https:\/\/complexeequestre.com\/wp-content\/uploads\/2021\/04\/SoltekLogoSmall-300x169.png 300w, https:\/\/complexeequestre.com\/wp-content\/uploads\/2021\/04\/SoltekLogoSmall-16x9.png 16w, https:\/\/complexeequestre.com\/wp-content\/uploads\/2021\/04\/SoltekLogoSmall-200x113.png 200w, https:\/\/complexeequestre.com\/wp-content\/uploads\/2021\/04\/SoltekLogoSmall.png 400w\" sizes=\"(max-width: 300px) 100vw, 300px\" \/><\/a><a href=\"https:\/\/www.cargill.com\/animal-nutrition\/brands\/purina\" rel=\"attachment wp-att-6639\"><img loading=\"lazy\" class=\"alignnone size-medium wp-image-6639\" src=\"https:\/\/complexeequestre.com\/wp-content\/uploads\/2021\/06\/PurinaCommanditaire-300x169.png\" alt=\"\" width=\"300\" height=\"169\" srcset=\"https:\/\/complexeequestre.com\/wp-content\/uploads\/2021\/06\/PurinaCommanditaire-300x169.png 300w, https:\/\/complexeequestre.com\/wp-content\/uploads\/2021\/06\/PurinaCommanditaire-16x9.png 16w, https:\/\/complexeequestre.com\/wp-content\/uploads\/2021\/06\/PurinaCommanditaire-200x113.png 200w, https:\/\/complexeequestre.com\/wp-content\/uploads\/2021\/06\/PurinaCommanditaire.png 400w\" sizes=\"(max-width: 300px) 100vw, 300px\" \/><\/a><a href=\"https:\/\/harnoisenergies.com\/fr\/\"><img loading=\"lazy\" class=\"alignnone size-medium wp-image-7634\" style=\"color: var( --e-global-color-text ); font-family: var( --e-global-typography-text-font-family ), Ubuntu, sans-serif; font-weight: var( --e-global-typography-text-font-weight );\" src=\"https:\/\/complexeequestre.com\/wp-content\/uploads\/2022\/05\/HarnoisPubs-300x169.png\" alt=\"\" width=\"300\" height=\"169\" srcset=\"https:\/\/complexeequestre.com\/wp-content\/uploads\/2022\/05\/HarnoisPubs-300x169.png 300w, https:\/\/complexeequestre.com\/wp-content\/uploads\/2022\/05\/HarnoisPubs-18x10.png 18w, https:\/\/complexeequestre.com\/wp-content\/uploads\/2022\/05\/HarnoisPubs-200x113.png 200w, https:\/\/complexeequestre.com\/wp-content\/uploads\/2022\/05\/HarnoisPubs.png 400w\" sizes=\"(max-width: 300px) 100vw, 300px\" \/><\/a>\u00a0 \u00a0 \u00a0 \u00a0 \u00a0 \u00a0 \u00a0 \u00a0 \u00a0 \u00a0 \u00a0 \u00a0 \u00a0 \u00a0 \u00a0 \u00a0 \u00a0 \u00a0 \u00a0 \u00a0 \u00a0 \u00a0 \u00a0 \u00a0 \u00a0 \u00a0 \u00a0 \u00a0 \u00a0\u00a0<a href=\"https:\/\/www.desjardins.com\/votre-caisse\/index.jsp?transit=81510021\"><img loading=\"lazy\" class=\"alignnone size-full wp-image-9123\" style=\"color: var( --e-global-color-text ); font-family: var( --e-global-typography-text-font-family ), Ubuntu, sans-serif; font-weight: var( --e-global-typography-text-font-weight );\" src=\"https:\/\/complexeequestre.com\/wp-content\/uploads\/2024\/05\/Caisse.png\" alt=\"\" width=\"251\" height=\"80\" srcset=\"https:\/\/complexeequestre.com\/wp-content\/uploads\/2024\/05\/Caisse.png 251w, https:\/\/complexeequestre.com\/wp-content\/uploads\/2024\/05\/Caisse-18x6.png 18w, https:\/\/complexeequestre.com\/wp-content\/uploads\/2024\/05\/Caisse-200x64.png 200w\" sizes=\"(max-width: 251px) 100vw, 251px\" \/><\/a><span style=\"color: var( --e-global-color-text ); font-family: var( --e-global-typography-text-font-family ), Ubuntu, sans-serif; font-weight: var( --e-global-typography-text-font-weight );\">\u00a0 \u00a0 \u00a0 \u00a0 \u00a0 \u00a0 \u00a0 \u00a0 \u00a0 \u00a0 \u00a0 \u00a0 \u00a0 \u00a0 \u00a0 \u00a0 \u00a0 \u00a0 \u00a0 \u00a0 \u00a0 \u00a0 \u00a0 \u00a0 \u00a0 \u00a0 \u00a0 \u00a0 \u00a0 \u00a0 \u00a0 \u00a0 \u00a0 \u00a0 \u00a0 \u00a0\u00a0<\/span><\/p>\n<p><br \/><a href=\"https:\/\/remorquesricard.com\/\"><img loading=\"lazy\" class=\"size-medium wp-image-8351 alignright\" src=\"https:\/\/complexeequestre.com\/wp-content\/uploads\/2023\/05\/Ricard-300x126.jpeg\" alt=\"\" width=\"300\" height=\"126\" \/><\/a><a href=\"https:\/\/topbedding.com\/\" rel=\"attachment wp-att-5750\"><img loading=\"lazy\" class=\"size-medium wp-image-5750 alignleft\" src=\"https:\/\/complexeequestre.com\/wp-content\/uploads\/2021\/03\/TopBedding-300x169.png\" alt=\"\" width=\"300\" height=\"169\" srcset=\"https:\/\/complexeequestre.com\/wp-content\/uploads\/2021\/03\/TopBedding-300x169.png 300w, https:\/\/complexeequestre.com\/wp-content\/uploads\/2021\/03\/TopBedding-200x113.png 200w, https:\/\/complexeequestre.com\/wp-content\/uploads\/2021\/03\/TopBedding.png 400w\" sizes=\"(max-width: 300px) 100vw, 300px\" \/><\/a><\/p>\n<p><a href=\"https:\/\/www.tourismecentreduquebec.com\/fr\/villes-et-villages\/ville-de-becancour.aspx\"><img loading=\"lazy\" class=\"size-medium wp-image-6275\" style=\"color: var( --e-global-color-text ); font-family: var( --e-global-typography-text-font-family ), Ubuntu, sans-serif; font-weight: var( --e-global-typography-text-font-weight );\" src=\"https:\/\/complexeequestre.com\/wp-content\/uploads\/2021\/04\/BecancourLogo-300x169.png\" alt=\"\" width=\"300\" height=\"169\" srcset=\"https:\/\/complexeequestre.com\/wp-content\/uploads\/2021\/04\/BecancourLogo-300x169.png 300w, https:\/\/complexeequestre.com\/wp-content\/uploads\/2021\/04\/BecancourLogo-16x9.png 16w, https:\/\/complexeequestre.com\/wp-content\/uploads\/2021\/04\/BecancourLogo-200x113.png 200w, https:\/\/complexeequestre.com\/wp-content\/uploads\/2021\/04\/BecancourLogo.png 400w\" sizes=\"(max-width: 300px) 100vw, 300px\" \/><\/a><\/p>\n<p>\u00a0<\/p>\n<p>\u00a0<a href=\"https:\/\/complexeequestre.com\/en_ca\/equestria\/\"><img loading=\"lazy\" class=\"size-medium wp-image-6561 alignleft\" src=\"https:\/\/complexeequestre.com\/wp-content\/uploads\/2021\/05\/Lequestria-300x169.png\" alt=\"\" width=\"300\" height=\"169\" srcset=\"https:\/\/complexeequestre.com\/wp-content\/uploads\/2021\/05\/Lequestria-300x169.png 300w, https:\/\/complexeequestre.com\/wp-content\/uploads\/2021\/05\/Lequestria-16x9.png 16w, https:\/\/complexeequestre.com\/wp-content\/uploads\/2021\/05\/Lequestria-200x113.png 200w, https:\/\/complexeequestre.com\/wp-content\/uploads\/2021\/05\/Lequestria.png 400w\" sizes=\"(max-width: 300px) 100vw, 300px\" \/><\/a><\/p>\n<ul>\n<li class=\"wp-block-image\"><a href=\"https:\/\/complexeequestre.com\/en_ca\/lucky-bouffe-de-rue-2\/\" rel=\"attachment wp-att-8385\"><img loading=\"lazy\" class=\"size-full wp-image-8385 alignnone\" src=\"https:\/\/complexeequestre.com\/wp-content\/uploads\/2023\/05\/image006-1-e1683072055852.jpg\" alt=\"\" width=\"225\" height=\"225\" \/><\/a>\n<p><img alt=\"\" \/><\/p>\n<p><!-- \/wp:image --><br \/><!-- wp:image --><!-- wp:image --><img alt=\"\" \/><img alt=\"\" \/><\/p>\n<\/li>\n<\/ul>\n<figure class=\"wp-block-image\"><\/figure>\n<p><!-- \/wp:image --><\/p>\t\t\t\t\t<\/div>\n\t\t\t\t\t\t<\/div>\n\t\t\t\t<\/div>\n\t\t\t\t\t\t<\/div>\n\t\t\t\t\t<\/div>\n\t\t<\/div>\n\t\t\t\t\t\t\t\t<\/div>\n\t\t\t\t\t<\/div>\n\t\t<\/section>\n\t\t\t\t\t\t<\/div>\n\t\t\t\t\t\t<\/div>\n\t\t\t\t\t<\/div>","protected":false},"excerpt":{"rendered":"\u00a0 \u00a0 \u00a0 \u00a0 \u00a0 \u00a0 \u00a0 \u00a0 \u00a0 \u00a0 \u00a0 \u00a0 \u00a0 \u00a0 \u00a0 \u00a0 \u00a0 \u00a0 \u00a0 \u00a0 \u00a0 \u00a0 \u00a0 \u00a0 \u00a0 \u00a0 \u00a0 \u00a0 \u00a0\u00a0\u00a0 \u00a0 \u00a0 \u00a0 \u00a0 \u00a0 \u00a0 \u00a0 \u00a0 \u00a0 \u00a0 \u00a0 \u00a0 \u00a0 \u00a0 \u00a0 \u00a0 \u00a0 \u00a0 \u00a0 \u00a0 \u00a0 \u00a0 \u00a0 \u00a0 \u00a0 \u00a0 \u00a0 \u00a0 \u00a0 \u00a0 \u00a0 \u00a0 \u00a0 \u00a0 \u00a0\u00a0 \u00a0 \u00a0","protected":false},"author":3456,"featured_media":9123,"parent":0,"menu_order":0,"comment_status":"closed","ping_status":"closed","template":"","meta":{"_monsterinsights_skip_tracking":false,"_monsterinsights_sitenote_active":false,"_monsterinsights_sitenote_note":"","_monsterinsights_sitenote_category":0,"_price":"","_stock":"","_tribe_ticket_header":"","_tribe_default_ticket_provider":"","_tribe_ticket_capacity":"0","_ticket_start_date":"","_ticket_end_date":"","_tribe_ticket_show_description":"","_tribe_ticket_show_not_going":false,"_tribe_ticket_use_global_stock":"","_tribe_ticket_global_stock_level":"","_global_stock_mode":"","_global_stock_cap":"","_tribe_rsvp_for_event":"","_tribe_ticket_going_count":"","_tribe_ticket_not_going_count":"","_tribe_tickets_list":[],"_tribe_ticket_has_attendee_info_fields":false,"spay_email":""},"yoast_head":"<!-- This site is optimized with the Yoast SEO plugin v16.8 - https:\/\/yoast.com\/wordpress\/plugins\/seo\/ -->\n<title>Commanditaires &gt; Complexe \u00c9questre de B\u00e9cancour<\/title>\n<meta name=\"robots\" content=\"index, follow, max-snippet:-1, max-image-preview:large, max-video-preview:-1\" \/>\n<link rel=\"canonical\" href=\"https:\/\/complexeequestre.com\/en_ca\/commanditaires-3\/\" \/>\n<meta property=\"og:locale\" content=\"en_US\" \/>\n<meta property=\"og:type\" content=\"article\" \/>\n<meta property=\"og:title\" content=\"Commanditaires &gt; Complexe \u00c9questre de B\u00e9cancour\" \/>\n<meta property=\"og:url\" content=\"https:\/\/complexeequestre.com\/en_ca\/commanditaires-3\/\" \/>\n<meta property=\"og:site_name\" content=\"Complexe \u00c9questre de B\u00e9cancour\" \/>\n<meta property=\"article:publisher\" content=\"https:\/\/www.facebook.com\/complexeequestrebecancour\/\" \/>\n<meta property=\"article:modified_time\" content=\"2025-10-20T17:46:21+00:00\" \/>\n<meta property=\"og:image\" content=\"https:\/\/complexeequestre.com\/wp-content\/uploads\/2024\/05\/Caisse.png\" \/>\n\t<meta property=\"og:image:width\" content=\"251\" \/>\n\t<meta property=\"og:image:height\" content=\"80\" \/>\n<meta name=\"twitter:label1\" content=\"Est. reading time\" \/>\n\t<meta name=\"twitter:data1\" content=\"3 minutes\" \/>\n<script type=\"application\/ld+json\" class=\"yoast-schema-graph\">{\"@context\":\"https:\/\/schema.org\",\"@graph\":[{\"@type\":\"Organization\",\"@id\":\"https:\/\/complexeequestre.com\/#organization\",\"name\":\"Complexe \\u00c9questre de B\\u00e9cancour\",\"url\":\"https:\/\/complexeequestre.com\/\",\"sameAs\":[\"https:\/\/www.facebook.com\/complexeequestrebecancour\/\",\"https:\/\/www.instagram.com\/explore\/locations\/1850727408272866\/complexe-equestre-becancour\/\"],\"logo\":{\"@type\":\"ImageObject\",\"@id\":\"https:\/\/complexeequestre.com\/#logo\",\"inLanguage\":\"en-CA\",\"url\":\"https:\/\/i2.wp.com\/complexeequestre.com\/wp-content\/uploads\/2021\/03\/CEB_logo18_verti_couleur_fondblanc-300x256-1.png?fit=300%2C256&ssl=1\",\"contentUrl\":\"https:\/\/i2.wp.com\/complexeequestre.com\/wp-content\/uploads\/2021\/03\/CEB_logo18_verti_couleur_fondblanc-300x256-1.png?fit=300%2C256&ssl=1\",\"width\":300,\"height\":256,\"caption\":\"Complexe \\u00c9questre de B\\u00e9cancour\"},\"image\":{\"@id\":\"https:\/\/complexeequestre.com\/#logo\"}},{\"@type\":\"WebSite\",\"@id\":\"https:\/\/complexeequestre.com\/#website\",\"url\":\"https:\/\/complexeequestre.com\/\",\"name\":\"Complexe \\u00c9questre de B\\u00e9cancour\",\"description\":\"Le complexe \\u00e9questre le plus complet au Qu\\u00e9bec\",\"publisher\":{\"@id\":\"https:\/\/complexeequestre.com\/#organization\"},\"potentialAction\":[{\"@type\":\"SearchAction\",\"target\":{\"@type\":\"EntryPoint\",\"urlTemplate\":\"https:\/\/complexeequestre.com\/?s={search_term_string}\"},\"query-input\":\"required name=search_term_string\"}],\"inLanguage\":\"en-CA\"},{\"@type\":\"ImageObject\",\"@id\":\"https:\/\/complexeequestre.com\/commanditaires-3\/#primaryimage\",\"inLanguage\":\"en-CA\",\"url\":\"https:\/\/complexeequestre.com\/wp-content\/uploads\/2024\/05\/Caisse.png\",\"contentUrl\":\"https:\/\/complexeequestre.com\/wp-content\/uploads\/2024\/05\/Caisse.png\",\"width\":251,\"height\":80},{\"@type\":\"WebPage\",\"@id\":\"https:\/\/complexeequestre.com\/commanditaires-3\/#webpage\",\"url\":\"https:\/\/complexeequestre.com\/commanditaires-3\/\",\"name\":\"Commanditaires &gt; Complexe \\u00c9questre de B\\u00e9cancour\",\"isPartOf\":{\"@id\":\"https:\/\/complexeequestre.com\/#website\"},\"primaryImageOfPage\":{\"@id\":\"https:\/\/complexeequestre.com\/commanditaires-3\/#primaryimage\"},\"datePublished\":\"2024-05-22T13:17:29+00:00\",\"dateModified\":\"2025-10-20T17:46:21+00:00\",\"breadcrumb\":{\"@id\":\"https:\/\/complexeequestre.com\/commanditaires-3\/#breadcrumb\"},\"inLanguage\":\"en-CA\",\"potentialAction\":[{\"@type\":\"ReadAction\",\"target\":[\"https:\/\/complexeequestre.com\/commanditaires-3\/\"]}]},{\"@type\":\"BreadcrumbList\",\"@id\":\"https:\/\/complexeequestre.com\/commanditaires-3\/#breadcrumb\",\"itemListElement\":[{\"@type\":\"ListItem\",\"position\":1,\"name\":\"Home\",\"item\":\"https:\/\/complexeequestre.com\/\"},{\"@type\":\"ListItem\",\"position\":2,\"name\":\"Commanditaires\"}]}]}<\/script>\n<!-- \/ Yoast SEO plugin. -->","yoast_head_json":{"title":"Commanditaires &gt; Complexe \u00c9questre de B\u00e9cancour","robots":{"index":"index","follow":"follow","max-snippet":"max-snippet:-1","max-image-preview":"max-image-preview:large","max-video-preview":"max-video-preview:-1"},"canonical":"https:\/\/complexeequestre.com\/en_ca\/commanditaires-3\/","og_locale":"en_US","og_type":"article","og_title":"Commanditaires &gt; Complexe \u00c9questre de B\u00e9cancour","og_url":"https:\/\/complexeequestre.com\/en_ca\/commanditaires-3\/","og_site_name":"Complexe \u00c9questre de B\u00e9cancour","article_publisher":"https:\/\/www.facebook.com\/complexeequestrebecancour\/","article_modified_time":"2025-10-20T17:46:21+00:00","og_image":[{"width":251,"height":80,"url":"https:\/\/complexeequestre.com\/wp-content\/uploads\/2024\/05\/Caisse.png","path":"\/home\/comple14\/public_html\/wp-content\/uploads\/2024\/05\/Caisse.png","size":"full","id":9123,"alt":"","pixels":20080,"type":"image\/png"}],"twitter_misc":{"Est. reading time":"3 minutes"},"schema":{"@context":"https:\/\/schema.org","@graph":[{"@type":"Organization","@id":"https:\/\/complexeequestre.com\/#organization","name":"Complexe \u00c9questre de B\u00e9cancour","url":"https:\/\/complexeequestre.com\/","sameAs":["https:\/\/www.facebook.com\/complexeequestrebecancour\/","https:\/\/www.instagram.com\/explore\/locations\/1850727408272866\/complexe-equestre-becancour\/"],"logo":{"@type":"ImageObject","@id":"https:\/\/complexeequestre.com\/#logo","inLanguage":"en-CA","url":"https:\/\/i2.wp.com\/complexeequestre.com\/wp-content\/uploads\/2021\/03\/CEB_logo18_verti_couleur_fondblanc-300x256-1.png?fit=300%2C256&ssl=1","contentUrl":"https:\/\/i2.wp.com\/complexeequestre.com\/wp-content\/uploads\/2021\/03\/CEB_logo18_verti_couleur_fondblanc-300x256-1.png?fit=300%2C256&ssl=1","width":300,"height":256,"caption":"Complexe \u00c9questre de B\u00e9cancour"},"image":{"@id":"https:\/\/complexeequestre.com\/#logo"}},{"@type":"WebSite","@id":"https:\/\/complexeequestre.com\/#website","url":"https:\/\/complexeequestre.com\/","name":"Complexe \u00c9questre de B\u00e9cancour","description":"Le complexe \u00e9questre le plus complet au Qu\u00e9bec","publisher":{"@id":"https:\/\/complexeequestre.com\/#organization"},"potentialAction":[{"@type":"SearchAction","target":{"@type":"EntryPoint","urlTemplate":"https:\/\/complexeequestre.com\/?s={search_term_string}"},"query-input":"required name=search_term_string"}],"inLanguage":"en-CA"},{"@type":"ImageObject","@id":"https:\/\/complexeequestre.com\/commanditaires-3\/#primaryimage","inLanguage":"en-CA","url":"https:\/\/complexeequestre.com\/wp-content\/uploads\/2024\/05\/Caisse.png","contentUrl":"https:\/\/complexeequestre.com\/wp-content\/uploads\/2024\/05\/Caisse.png","width":251,"height":80},{"@type":"WebPage","@id":"https:\/\/complexeequestre.com\/commanditaires-3\/#webpage","url":"https:\/\/complexeequestre.com\/commanditaires-3\/","name":"Commanditaires &gt; Complexe \u00c9questre de B\u00e9cancour","isPartOf":{"@id":"https:\/\/complexeequestre.com\/#website"},"primaryImageOfPage":{"@id":"https:\/\/complexeequestre.com\/commanditaires-3\/#primaryimage"},"datePublished":"2024-05-22T13:17:29+00:00","dateModified":"2025-10-20T17:46:21+00:00","breadcrumb":{"@id":"https:\/\/complexeequestre.com\/commanditaires-3\/#breadcrumb"},"inLanguage":"en-CA","potentialAction":[{"@type":"ReadAction","target":["https:\/\/complexeequestre.com\/commanditaires-3\/"]}]},{"@type":"BreadcrumbList","@id":"https:\/\/complexeequestre.com\/commanditaires-3\/#breadcrumb","itemListElement":[{"@type":"ListItem","position":1,"name":"Home","item":"https:\/\/complexeequestre.com\/"},{"@type":"ListItem","position":2,"name":"Commanditaires"}]}]}},"ticketed":false,"_links":{"self":[{"href":"https:\/\/complexeequestre.com\/en_ca\/wp-json\/wp\/v2\/pages\/9171"}],"collection":[{"href":"https:\/\/complexeequestre.com\/en_ca\/wp-json\/wp\/v2\/pages"}],"about":[{"href":"https:\/\/complexeequestre.com\/en_ca\/wp-json\/wp\/v2\/types\/page"}],"author":[{"embeddable":true,"href":"https:\/\/complexeequestre.com\/en_ca\/wp-json\/wp\/v2\/users\/3456"}],"replies":[{"embeddable":true,"href":"https:\/\/complexeequestre.com\/en_ca\/wp-json\/wp\/v2\/comments?post=9171"}],"version-history":[{"count":136,"href":"https:\/\/complexeequestre.com\/en_ca\/wp-json\/wp\/v2\/pages\/9171\/revisions"}],"predecessor-version":[{"id":10040,"href":"https:\/\/complexeequestre.com\/en_ca\/wp-json\/wp\/v2\/pages\/9171\/revisions\/10040"}],"wp:featuredmedia":[{"embeddable":true,"href":"https:\/\/complexeequestre.com\/en_ca\/wp-json\/wp\/v2\/media\/9123"}],"wp:attachment":[{"href":"https:\/\/complexeequestre.com\/en_ca\/wp-json\/wp\/v2\/media?parent=9171"}],"curies":[{"name":"wp","href":"https:\/\/api.w.org\/{rel}","templated":true}]}}