{"id":9308,"date":"2024-06-05T09:21:46","date_gmt":"2024-06-05T13:21:46","guid":{"rendered":"https:\/\/complexeequestre.com\/?page_id=9308"},"modified":"2024-06-05T11:59:45","modified_gmt":"2024-06-05T15:59:45","slug":"lucky-bouffe-de-rue-2","status":"publish","type":"page","link":"http:\/\/complexeequestre.com\/en_ca\/lucky-bouffe-de-rue-2\/","title":{"rendered":"Lucky &#8211; Bouffe de rue"},"content":{"rendered":"<div data-elementor-type=\"wp-page\" data-elementor-id=\"9308\" class=\"elementor elementor-9308\" data-elementor-settings=\"[]\">\n\t\t\t\t\t\t<div class=\"elementor-inner\">\n\t\t\t\t\t\t\t<div class=\"elementor-section-wrap\">\n\t\t\t\t\t\t\t<section class=\"elementor-section elementor-top-section elementor-element elementor-element-172194f elementor-section-boxed elementor-section-height-default elementor-section-height-default\" data-id=\"172194f\" data-element_type=\"section\">\n\t\t\t\t\t\t<div class=\"elementor-container elementor-column-gap-default\">\n\t\t\t\t\t\t\t<div class=\"elementor-row\">\n\t\t\t\t\t<div class=\"elementor-column elementor-col-100 elementor-top-column elementor-element elementor-element-9c31847\" data-id=\"9c31847\" data-element_type=\"column\">\n\t\t\t<div class=\"elementor-column-wrap elementor-element-populated\">\n\t\t\t\t\t\t\t<div class=\"elementor-widget-wrap\">\n\t\t\t\t\t\t<div class=\"elementor-element elementor-element-46af199 elementor-widget elementor-widget-image\" data-id=\"46af199\" data-element_type=\"widget\" data-widget_type=\"image.default\">\n\t\t\t\t<div class=\"elementor-widget-container\">\n\t\t\t\t\t\t\t\t<div class=\"elementor-image\">\n\t\t\t\t\t\t\t\t\t\t\t\t<img width=\"1024\" height=\"768\" src=\"https:\/\/complexeequestre.com\/wp-content\/uploads\/2024\/06\/English-Lucky_Menu_2024-1.png\" class=\"attachment-large size-large\" alt=\"\" loading=\"lazy\" srcset=\"https:\/\/complexeequestre.com\/wp-content\/uploads\/2024\/06\/English-Lucky_Menu_2024-1.png 1100w, https:\/\/complexeequestre.com\/wp-content\/uploads\/2024\/06\/English-Lucky_Menu_2024-1-300x225.png 300w, https:\/\/complexeequestre.com\/wp-content\/uploads\/2024\/06\/English-Lucky_Menu_2024-1-1024x768.png 1024w, https:\/\/complexeequestre.com\/wp-content\/uploads\/2024\/06\/English-Lucky_Menu_2024-1-768x576.png 768w, https:\/\/complexeequestre.com\/wp-content\/uploads\/2024\/06\/English-Lucky_Menu_2024-1-16x12.png 16w, https:\/\/complexeequestre.com\/wp-content\/uploads\/2024\/06\/English-Lucky_Menu_2024-1-200x150.png 200w\" sizes=\"(max-width: 1024px) 100vw, 1024px\" \/>\t\t\t\t\t\t\t\t\t\t\t\t\t\t<\/div>\n\t\t\t\t\t\t<\/div>\n\t\t\t\t<\/div>\n\t\t\t\t<div class=\"elementor-element elementor-element-a7fc204 elementor-widget elementor-widget-image\" data-id=\"a7fc204\" data-element_type=\"widget\" data-widget_type=\"image.default\">\n\t\t\t\t<div class=\"elementor-widget-container\">\n\t\t\t\t\t\t\t\t<div class=\"elementor-image\">\n\t\t\t\t\t\t\t\t\t\t\t\t<img width=\"1024\" height=\"768\" src=\"https:\/\/complexeequestre.com\/wp-content\/uploads\/2024\/06\/English-Lucky_Menu_2024-2.png\" class=\"attachment-large size-large\" alt=\"\" loading=\"lazy\" srcset=\"https:\/\/complexeequestre.com\/wp-content\/uploads\/2024\/06\/English-Lucky_Menu_2024-2.png 1100w, https:\/\/complexeequestre.com\/wp-content\/uploads\/2024\/06\/English-Lucky_Menu_2024-2-300x225.png 300w, https:\/\/complexeequestre.com\/wp-content\/uploads\/2024\/06\/English-Lucky_Menu_2024-2-1024x768.png 1024w, https:\/\/complexeequestre.com\/wp-content\/uploads\/2024\/06\/English-Lucky_Menu_2024-2-768x576.png 768w, https:\/\/complexeequestre.com\/wp-content\/uploads\/2024\/06\/English-Lucky_Menu_2024-2-16x12.png 16w, https:\/\/complexeequestre.com\/wp-content\/uploads\/2024\/06\/English-Lucky_Menu_2024-2-200x150.png 200w\" sizes=\"(max-width: 1024px) 100vw, 1024px\" \/>\t\t\t\t\t\t\t\t\t\t\t\t\t\t<\/div>\n\t\t\t\t\t\t<\/div>\n\t\t\t\t<\/div>\n\t\t\t\t\t\t<\/div>\n\t\t\t\t\t<\/div>\n\t\t<\/div>\n\t\t\t\t\t\t\t\t<\/div>\n\t\t\t\t\t<\/div>\n\t\t<\/section>\n\t\t\t\t\t\t<\/div>\n\t\t\t\t\t\t<\/div>\n\t\t\t\t\t<\/div>","protected":false},"excerpt":{"rendered":"","protected":false},"author":3456,"featured_media":0,"parent":0,"menu_order":0,"comment_status":"closed","ping_status":"closed","template":"elementor_canvas","meta":{"_monsterinsights_skip_tracking":false,"_monsterinsights_sitenote_active":false,"_monsterinsights_sitenote_note":"","_monsterinsights_sitenote_category":0,"_price":"","_stock":"","_tribe_ticket_header":"","_tribe_default_ticket_provider":"","_tribe_ticket_capacity":"0","_ticket_start_date":"","_ticket_end_date":"","_tribe_ticket_show_description":"","_tribe_ticket_show_not_going":false,"_tribe_ticket_use_global_stock":"","_tribe_ticket_global_stock_level":"","_global_stock_mode":"","_global_stock_cap":"","_tribe_rsvp_for_event":"","_tribe_ticket_going_count":"","_tribe_ticket_not_going_count":"","_tribe_tickets_list":[],"_tribe_ticket_has_attendee_info_fields":false,"spay_email":""},"yoast_head":"<!-- This site is optimized with the Yoast SEO plugin v16.8 - https:\/\/yoast.com\/wordpress\/plugins\/seo\/ -->\n<title>Lucky - Bouffe de rue &gt; Complexe \u00c9questre de B\u00e9cancour<\/title>\n<meta name=\"robots\" content=\"index, follow, max-snippet:-1, max-image-preview:large, max-video-preview:-1\" \/>\n<link rel=\"canonical\" href=\"http:\/\/complexeequestre.com\/en_ca\/lucky-bouffe-de-rue-2\/\" \/>\n<meta property=\"og:locale\" content=\"en_US\" \/>\n<meta property=\"og:type\" content=\"article\" \/>\n<meta property=\"og:title\" content=\"Lucky - Bouffe de rue &gt; Complexe \u00c9questre de B\u00e9cancour\" \/>\n<meta property=\"og:url\" content=\"http:\/\/complexeequestre.com\/en_ca\/lucky-bouffe-de-rue-2\/\" \/>\n<meta property=\"og:site_name\" content=\"Complexe \u00c9questre de B\u00e9cancour\" \/>\n<meta property=\"article:publisher\" content=\"https:\/\/www.facebook.com\/complexeequestrebecancour\/\" \/>\n<meta property=\"article:modified_time\" content=\"2024-06-05T15:59:45+00:00\" \/>\n<meta property=\"og:image\" content=\"https:\/\/complexeequestre.com\/wp-content\/uploads\/2024\/06\/Lucky_De\u0301pliant_Menu_FR_2024_Page_1-1024x768.png\" \/>\n<meta name=\"twitter:label1\" content=\"Est. reading time\" \/>\n\t<meta name=\"twitter:data1\" content=\"1 minute\" \/>\n<script type=\"application\/ld+json\" class=\"yoast-schema-graph\">{\"@context\":\"https:\/\/schema.org\",\"@graph\":[{\"@type\":\"Organization\",\"@id\":\"https:\/\/complexeequestre.com\/#organization\",\"name\":\"Complexe \\u00c9questre de B\\u00e9cancour\",\"url\":\"https:\/\/complexeequestre.com\/\",\"sameAs\":[\"https:\/\/www.facebook.com\/complexeequestrebecancour\/\",\"https:\/\/www.instagram.com\/explore\/locations\/1850727408272866\/complexe-equestre-becancour\/\"],\"logo\":{\"@type\":\"ImageObject\",\"@id\":\"https:\/\/complexeequestre.com\/#logo\",\"inLanguage\":\"en-CA\",\"url\":\"https:\/\/i2.wp.com\/complexeequestre.com\/wp-content\/uploads\/2021\/03\/CEB_logo18_verti_couleur_fondblanc-300x256-1.png?fit=300%2C256&ssl=1\",\"contentUrl\":\"https:\/\/i2.wp.com\/complexeequestre.com\/wp-content\/uploads\/2021\/03\/CEB_logo18_verti_couleur_fondblanc-300x256-1.png?fit=300%2C256&ssl=1\",\"width\":300,\"height\":256,\"caption\":\"Complexe \\u00c9questre de B\\u00e9cancour\"},\"image\":{\"@id\":\"https:\/\/complexeequestre.com\/#logo\"}},{\"@type\":\"WebSite\",\"@id\":\"https:\/\/complexeequestre.com\/#website\",\"url\":\"https:\/\/complexeequestre.com\/\",\"name\":\"Complexe \\u00c9questre de B\\u00e9cancour\",\"description\":\"Le complexe \\u00e9questre le plus complet au Qu\\u00e9bec\",\"publisher\":{\"@id\":\"https:\/\/complexeequestre.com\/#organization\"},\"potentialAction\":[{\"@type\":\"SearchAction\",\"target\":{\"@type\":\"EntryPoint\",\"urlTemplate\":\"https:\/\/complexeequestre.com\/?s={search_term_string}\"},\"query-input\":\"required name=search_term_string\"}],\"inLanguage\":\"en-CA\"},{\"@type\":\"ImageObject\",\"@id\":\"https:\/\/complexeequestre.com\/lucky-bouffe-de-rue-2\/#primaryimage\",\"inLanguage\":\"en-CA\",\"url\":\"https:\/\/complexeequestre.com\/wp-content\/uploads\/2024\/06\/Lucky_De\\u0301pliant_Menu_FR_2024_Page_1-1024x768.png\",\"contentUrl\":\"https:\/\/complexeequestre.com\/wp-content\/uploads\/2024\/06\/Lucky_De\\u0301pliant_Menu_FR_2024_Page_1-1024x768.png\"},{\"@type\":\"WebPage\",\"@id\":\"https:\/\/complexeequestre.com\/lucky-bouffe-de-rue-2\/#webpage\",\"url\":\"https:\/\/complexeequestre.com\/lucky-bouffe-de-rue-2\/\",\"name\":\"Lucky - Bouffe de rue &gt; Complexe \\u00c9questre de B\\u00e9cancour\",\"isPartOf\":{\"@id\":\"https:\/\/complexeequestre.com\/#website\"},\"primaryImageOfPage\":{\"@id\":\"https:\/\/complexeequestre.com\/lucky-bouffe-de-rue-2\/#primaryimage\"},\"datePublished\":\"2024-06-05T13:21:46+00:00\",\"dateModified\":\"2024-06-05T15:59:45+00:00\",\"breadcrumb\":{\"@id\":\"https:\/\/complexeequestre.com\/lucky-bouffe-de-rue-2\/#breadcrumb\"},\"inLanguage\":\"en-CA\",\"potentialAction\":[{\"@type\":\"ReadAction\",\"target\":[\"https:\/\/complexeequestre.com\/lucky-bouffe-de-rue-2\/\"]}]},{\"@type\":\"BreadcrumbList\",\"@id\":\"https:\/\/complexeequestre.com\/lucky-bouffe-de-rue-2\/#breadcrumb\",\"itemListElement\":[{\"@type\":\"ListItem\",\"position\":1,\"name\":\"Home\",\"item\":\"https:\/\/complexeequestre.com\/\"},{\"@type\":\"ListItem\",\"position\":2,\"name\":\"Lucky &#8211; Bouffe de rue\"}]}]}<\/script>\n<!-- \/ Yoast SEO plugin. -->","yoast_head_json":{"title":"Lucky - Bouffe de rue &gt; Complexe \u00c9questre de B\u00e9cancour","robots":{"index":"index","follow":"follow","max-snippet":"max-snippet:-1","max-image-preview":"max-image-preview:large","max-video-preview":"max-video-preview:-1"},"canonical":"http:\/\/complexeequestre.com\/en_ca\/lucky-bouffe-de-rue-2\/","og_locale":"en_US","og_type":"article","og_title":"Lucky - Bouffe de rue &gt; Complexe \u00c9questre de B\u00e9cancour","og_url":"http:\/\/complexeequestre.com\/en_ca\/lucky-bouffe-de-rue-2\/","og_site_name":"Complexe \u00c9questre de B\u00e9cancour","article_publisher":"https:\/\/www.facebook.com\/complexeequestrebecancour\/","article_modified_time":"2024-06-05T15:59:45+00:00","og_image":[{"url":"https:\/\/complexeequestre.com\/wp-content\/uploads\/2024\/06\/Lucky_De\u0301pliant_Menu_FR_2024_Page_1-1024x768.png"}],"twitter_misc":{"Est. reading time":"1 minute"},"schema":{"@context":"https:\/\/schema.org","@graph":[{"@type":"Organization","@id":"https:\/\/complexeequestre.com\/#organization","name":"Complexe \u00c9questre de B\u00e9cancour","url":"https:\/\/complexeequestre.com\/","sameAs":["https:\/\/www.facebook.com\/complexeequestrebecancour\/","https:\/\/www.instagram.com\/explore\/locations\/1850727408272866\/complexe-equestre-becancour\/"],"logo":{"@type":"ImageObject","@id":"https:\/\/complexeequestre.com\/#logo","inLanguage":"en-CA","url":"https:\/\/i2.wp.com\/complexeequestre.com\/wp-content\/uploads\/2021\/03\/CEB_logo18_verti_couleur_fondblanc-300x256-1.png?fit=300%2C256&ssl=1","contentUrl":"https:\/\/i2.wp.com\/complexeequestre.com\/wp-content\/uploads\/2021\/03\/CEB_logo18_verti_couleur_fondblanc-300x256-1.png?fit=300%2C256&ssl=1","width":300,"height":256,"caption":"Complexe \u00c9questre de B\u00e9cancour"},"image":{"@id":"https:\/\/complexeequestre.com\/#logo"}},{"@type":"WebSite","@id":"https:\/\/complexeequestre.com\/#website","url":"https:\/\/complexeequestre.com\/","name":"Complexe \u00c9questre de B\u00e9cancour","description":"Le complexe \u00e9questre le plus complet au Qu\u00e9bec","publisher":{"@id":"https:\/\/complexeequestre.com\/#organization"},"potentialAction":[{"@type":"SearchAction","target":{"@type":"EntryPoint","urlTemplate":"https:\/\/complexeequestre.com\/?s={search_term_string}"},"query-input":"required name=search_term_string"}],"inLanguage":"en-CA"},{"@type":"ImageObject","@id":"https:\/\/complexeequestre.com\/lucky-bouffe-de-rue-2\/#primaryimage","inLanguage":"en-CA","url":"https:\/\/complexeequestre.com\/wp-content\/uploads\/2024\/06\/Lucky_De\u0301pliant_Menu_FR_2024_Page_1-1024x768.png","contentUrl":"https:\/\/complexeequestre.com\/wp-content\/uploads\/2024\/06\/Lucky_De\u0301pliant_Menu_FR_2024_Page_1-1024x768.png"},{"@type":"WebPage","@id":"https:\/\/complexeequestre.com\/lucky-bouffe-de-rue-2\/#webpage","url":"https:\/\/complexeequestre.com\/lucky-bouffe-de-rue-2\/","name":"Lucky - Bouffe de rue &gt; Complexe \u00c9questre de B\u00e9cancour","isPartOf":{"@id":"https:\/\/complexeequestre.com\/#website"},"primaryImageOfPage":{"@id":"https:\/\/complexeequestre.com\/lucky-bouffe-de-rue-2\/#primaryimage"},"datePublished":"2024-06-05T13:21:46+00:00","dateModified":"2024-06-05T15:59:45+00:00","breadcrumb":{"@id":"https:\/\/complexeequestre.com\/lucky-bouffe-de-rue-2\/#breadcrumb"},"inLanguage":"en-CA","potentialAction":[{"@type":"ReadAction","target":["https:\/\/complexeequestre.com\/lucky-bouffe-de-rue-2\/"]}]},{"@type":"BreadcrumbList","@id":"https:\/\/complexeequestre.com\/lucky-bouffe-de-rue-2\/#breadcrumb","itemListElement":[{"@type":"ListItem","position":1,"name":"Home","item":"https:\/\/complexeequestre.com\/"},{"@type":"ListItem","position":2,"name":"Lucky &#8211; Bouffe de rue"}]}]}},"ticketed":false,"_links":{"self":[{"href":"http:\/\/complexeequestre.com\/en_ca\/wp-json\/wp\/v2\/pages\/9308"}],"collection":[{"href":"http:\/\/complexeequestre.com\/en_ca\/wp-json\/wp\/v2\/pages"}],"about":[{"href":"http:\/\/complexeequestre.com\/en_ca\/wp-json\/wp\/v2\/types\/page"}],"author":[{"embeddable":true,"href":"http:\/\/complexeequestre.com\/en_ca\/wp-json\/wp\/v2\/users\/3456"}],"replies":[{"embeddable":true,"href":"http:\/\/complexeequestre.com\/en_ca\/wp-json\/wp\/v2\/comments?post=9308"}],"version-history":[{"count":28,"href":"http:\/\/complexeequestre.com\/en_ca\/wp-json\/wp\/v2\/pages\/9308\/revisions"}],"predecessor-version":[{"id":9379,"href":"http:\/\/complexeequestre.com\/en_ca\/wp-json\/wp\/v2\/pages\/9308\/revisions\/9379"}],"wp:attachment":[{"href":"http:\/\/complexeequestre.com\/en_ca\/wp-json\/wp\/v2\/media?parent=9308"}],"curies":[{"name":"wp","href":"https:\/\/api.w.org\/{rel}","templated":true}]}}